{"id":100,"date":"2025-09-26T08:22:49","date_gmt":"2025-09-26T08:22:49","guid":{"rendered":"https:\/\/participa.cabrielbiosfera.org\/?page_id=100"},"modified":"2025-09-26T08:24:50","modified_gmt":"2025-09-26T08:24:50","slug":"aviso-legal","status":"publish","type":"page","link":"https:\/\/participa.cabrielbiosfera.org\/index.php\/aviso-legal\/","title":{"rendered":"Aviso legal"},"content":{"rendered":"\n<h2 class=\"wp-block-heading\">General<\/h2>\n\n\n\n<p>A los efectos de lo previsto en el Reglamento Europeo de Protecci\u00f3n de Datos UE 2016\/679, de 27 de Abril, del Parlamento y el Consejo y resto de la normativa nacional vigente,&nbsp;<strong>Asociaci\u00f3n Reserva de la Biosfera Valle del Cabriel, Calle San Blas, 2 16372 Engu\u00eddanos, Cuenca &#8211; Espa\u00f1a<\/strong>&nbsp;(en adelante EL PROPIETARIO), le informa que cumple \u00edntegramente con la legislaci\u00f3n vigente en materia de protecci\u00f3n de datos de car\u00e1cter personal, y con los compromisos de confidencialidad propios de su actividad.<\/p>\n\n\n\n<p>EL PROPIETARIO pone en su conocimiento la existencia de un sistema de tratamiento de la informaci\u00f3n, titularidad de EL PROPIETARIO, para las finalidades propias de gesti\u00f3n, comunicaci\u00f3n e informaci\u00f3n. El citado sistema se encuentra descrito en el correspondiente Registro de Actividades de Tratamiento del RT, al que puede acceder el usuario para comprobar la situaci\u00f3n de sus datos.<\/p>\n\n\n\n<h2 class=\"wp-block-heading\">Medidas y niveles de seguridad<\/h2>\n\n\n\n<p>EL PROPIETARIO ha adoptado las medidas necesarias para garantizar la seguridad de la informaci\u00f3n, tal y como exige el art. 32 del RGPD, seg\u00fan la naturaleza de los datos personales tratados y las circunstancias del tratamiento, con el objeto de evitar, en la medida de lo posible y siempre seg\u00fan el estado de la t\u00e9cnica, su alteraci\u00f3n, p\u00e9rdida, tratamiento o acceso no autorizado, garantizando con ello la confidencialidad, integridad y disponibilidad de los mismos.<\/p>\n\n\n\n<h2 class=\"wp-block-heading\">\u00c1mbito de aplicaci\u00f3n<\/h2>\n\n\n\n<p>Las medidas de seguridad que el EL PROPIETARIO tenga descritas en el Registro de Actividades de Tratamiento ser\u00e1n aplicadas al conjunto de activos del sistema de tratamiento de la informaci\u00f3n en el que se traten los datos de car\u00e1cter personal, con el objeto de dar cumplimiento a la legislaci\u00f3n vigente en materia de protecci\u00f3n de datos.<\/p>\n\n\n\n<p>Todo el personal contratado por EL PROPIETARIO y sus Encargados de Tratamiento, est\u00e1n obligados al cumplimiento de la citada normativa, con especial atenci\u00f3n en lo relativo a sus funciones y obligaciones, incluido el deber de secreto que ser\u00e1n debidamente determinadas por EL PROPIETARIO.<\/p>\n\n\n\n<h2 class=\"wp-block-heading\">Recogida de datos<\/h2>\n\n\n\n<p>La aceptaci\u00f3n de las presentes condiciones, precisa del usuario la recogida de unos datos imprescindibles para la prestaci\u00f3n de sus servicios, que le ser\u00e1n solicitados personalmente a trav\u00e9s de formularios o de la p\u00e1gina Web. En el momento de la recogida de los datos, el usuario ser\u00e1 debidamente informado de los derechos que le asisten.<\/p>\n\n\n\n<p>Para que la informaci\u00f3n que contiene nuestro sistema de tratamiento est\u00e9 siempre actualizada y no contenga errores, pedimos a nuestros clientes y usuarios que nos comuniquen, a la mayor brevedad posible, las modificaciones y rectificaciones de sus datos de car\u00e1cter personal.<\/p>\n\n\n\n<h2 class=\"wp-block-heading\">Objeto: Ejercicio de derechos<\/h2>\n\n\n\n<p>Para ejercitar los Derechos de acceso, impugnaci\u00f3n, rectificaci\u00f3n, cancelaci\u00f3n, supresi\u00f3n u oposici\u00f3n, portabilidad, limitaci\u00f3n del tratamiento y a presentar reclamaci\u00f3n ante la AEPD, deber\u00e1n dirigirse a&nbsp;<strong>Asociaci\u00f3n Reserva de la Biosfera Valle del Cabriel, Calle San Blas, 2 16372 Engu\u00eddanos, Cuenca &#8211; Espa\u00f1a<\/strong>. No obstante podr\u00e1n utilizarse otros medios que permitan reconocer la identidad del cliente que ejercite cualquiera de los anteriores derechos.<\/p>\n\n\n\n<h2 class=\"wp-block-heading\">Consentimiento<\/h2>\n\n\n\n<p>El usuario prestar\u00e1 su consentimiento para que EL PROPIETARIO pueda hacer uso de sus datos personales a fin de prestar un correcto cumplimiento de los servicios contratados.<\/p>\n\n\n\n<p>Al tiempo de la petici\u00f3n de esta informaci\u00f3n, se comunicar\u00e1 al cliente o usuario del destinatario de la informaci\u00f3n, de la finalidad para la cual se recogen los datos, de la identidad y direcci\u00f3n de EL PROPIETARIO y de la facultad del usuario de ejercitar los derechos de acceso, impugnaci\u00f3n, rectificaci\u00f3n, cancelaci\u00f3n, supresi\u00f3n u oposici\u00f3n, portabilidad, limitaci\u00f3n del tratamiento y a presentar reclamaci\u00f3n ante la AEPD.<\/p>\n\n\n\n<h2 class=\"wp-block-heading\">Cesi\u00f3n a terceros<\/h2>\n\n\n\n<p>EL PROPIETARIO no cede datos de car\u00e1cter personal sin el consentimiento expreso de sus titulares, que deber\u00e1 ser concedido en cada ocasi\u00f3n, siendo s\u00f3lo cedidos con la finalidad expresada y siempre con el consentimiento del usuario o cliente.<\/p>\n\n\n\n<h2 class=\"wp-block-heading\">Confidencialidad y secreto profesional<\/h2>\n\n\n\n<p>Los datos recogidos en todas las comunicaciones privadas entre EL PROPIETARIO y los clientes o usuarios ser\u00e1n tratados con absoluta confidencialidad, comprometi\u00e9ndose EL PROPIETARIO a la obligaci\u00f3n de secreto de los datos de car\u00e1cter personal, a su deber de guardarlos y adoptar todas las medidas necesarias que eviten su alteraci\u00f3n, p\u00e9rdida y tratamiento o acceso no autorizado, de acuerdo con lo establecido en la normativa vigente.<\/p>\n\n\n\n<p>Adem\u00e1s, tambi\u00e9n tendr\u00e1 la condici\u00f3n de confidencial la informaci\u00f3n de cualquier tipo que las partes intercambien entre s\u00ed, aquella que estas acuerden que tiene tal naturaleza, o la que simplemente verse sobre el contenido de dicha informaci\u00f3n. La visualizaci\u00f3n de datos a trav\u00e9s de Internet, no supondr\u00e1 el acceso directo a los mismos, salvo consentimiento expreso de su titular para cada ocasi\u00f3n.<\/p>\n\n\n\n<p>Recomendamos al cliente que no facilite a tercero alguno su identificaci\u00f3n, contrase\u00f1a o n\u00fameros de referencia que EL PROPIETARIO pudiera proporcionarle. Asimismo, para garantizar que la protecci\u00f3n del secreto profesional entre EL PROPIETARIO y el cliente se preserve en todas las comunicaciones, el cliente\/usuario no debe revelar la informaci\u00f3n confidencial a terceros.<\/p>\n\n\n\n<h2 class=\"wp-block-heading\">Cambios en la pol\u00edtica de seguridad y de Protecci\u00f3n de Datos<\/h2>\n\n\n\n<p>EL PROPIETARIO se reserva el derecho de modificar su pol\u00edtica de seguridad y protecci\u00f3n de datos con el objeto de adaptarlo a las novedades legislativas o jurisprudenciales, as\u00ed como las que pudieran derivarse de c\u00f3digos tipo existentes en la materia, o por decisiones corporativas estrat\u00e9gicas, con efectos de la fecha de publicaci\u00f3n de dicha modificaci\u00f3n en la p\u00e1gina Web de EL PROPIETARIO.<\/p>\n\n\n\n<h2 class=\"wp-block-heading\">Procedimiento en caso de realizaci\u00f3n de actividades de car\u00e1cter il\u00edcito<\/h2>\n\n\n\n<p>En el caso de que cualquier usuario o un tercero considere que existen hechos o circunstancias que revelen el car\u00e1cter il\u00edcito de la utilizaci\u00f3n de cualquier contenido y\/o de la realizaci\u00f3n de cualquier actividad en las p\u00e1ginas web incluidas o accesibles a trav\u00e9s del sitio web, deber\u00e1 enviar una notificaci\u00f3n a EL PROPIETARIO identific\u00e1ndose debidamente, especificando las supuestas infracciones y declarando expresamente y bajo su responsabilidad que la informaci\u00f3n proporcionada en la notificaci\u00f3n es exacta.<\/p>\n\n\n\n<p>Para toda cuesti\u00f3n litigiosa que incumba al sitio web de EL PROPIETARIO, ser\u00e1 de aplicaci\u00f3n la legislaci\u00f3n espa\u00f1ola, siendo competentes los Juzgados y Tribunales de Cuenca (Espa\u00f1a).<\/p>\n\n\n\n<h2 class=\"wp-block-heading\">Publicaciones<\/h2>\n\n\n\n<p>La informaci\u00f3n administrativa facilitada a trav\u00e9s del sitio web no sustituye la publicidad legal de las leyes, normativas, planes, disposiciones generales y actos que tengan que ser publicados formalmente a los diarios oficiales de las administraciones p\u00fablicas, que constituyen el \u00fanico instrumento que da fe de su autenticidad y contenido. La informaci\u00f3n disponible en este sitio web debe entenderse como una gu\u00eda sin prop\u00f3sito de validez legal.<\/p>\n\n\n\n<p><\/p>\n\n\n\n<p><\/p>\n","protected":false},"excerpt":{"rendered":"<p>General A los efectos de lo previsto en el Reglamento Europeo de Protecci\u00f3n de Datos UE 2016\/679, de 27 de Abril, del Parlamento y el Consejo y resto de la normativa nacional vigente,&nbsp;Asociaci\u00f3n Reserva de la Biosfera Valle del Cabriel, Calle San Blas, 2 16372 Engu\u00eddanos, Cuenca &#8211; Espa\u00f1a&nbsp;(en adelante EL PROPIETARIO), le informa que [&hellip;]<\/p>\n","protected":false},"author":1,"featured_media":0,"parent":0,"menu_order":0,"comment_status":"closed","ping_status":"closed","template":"","meta":{"_acf_changed":false,"_et_pb_use_builder":"off","_et_pb_old_content":"","_et_gb_content_width":"1080","inline_featured_image":false,"footnotes":""},"class_list":["post-100","page","type-page","status-publish","hentry"],"acf":[],"_links":{"self":[{"href":"https:\/\/participa.cabrielbiosfera.org\/index.php\/wp-json\/wp\/v2\/pages\/100","targetHints":{"allow":["GET"]}}],"collection":[{"href":"https:\/\/participa.cabrielbiosfera.org\/index.php\/wp-json\/wp\/v2\/pages"}],"about":[{"href":"https:\/\/participa.cabrielbiosfera.org\/index.php\/wp-json\/wp\/v2\/types\/page"}],"author":[{"embeddable":true,"href":"https:\/\/participa.cabrielbiosfera.org\/index.php\/wp-json\/wp\/v2\/users\/1"}],"replies":[{"embeddable":true,"href":"https:\/\/participa.cabrielbiosfera.org\/index.php\/wp-json\/wp\/v2\/comments?post=100"}],"version-history":[{"count":3,"href":"https:\/\/participa.cabrielbiosfera.org\/index.php\/wp-json\/wp\/v2\/pages\/100\/revisions"}],"predecessor-version":[{"id":108,"href":"https:\/\/participa.cabrielbiosfera.org\/index.php\/wp-json\/wp\/v2\/pages\/100\/revisions\/108"}],"wp:attachment":[{"href":"https:\/\/participa.cabrielbiosfera.org\/index.php\/wp-json\/wp\/v2\/media?parent=100"}],"curies":[{"name":"wp","href":"https:\/\/api.w.org\/{rel}","templated":true}]}}