{"id":11,"date":"2025-09-12T11:27:01","date_gmt":"2025-09-12T11:27:01","guid":{"rendered":"https:\/\/participa.cabrielbiosfera.org\/?page_id=11"},"modified":"2026-03-03T12:50:28","modified_gmt":"2026-03-03T12:50:28","slug":"inicio","status":"publish","type":"page","link":"https:\/\/participa.cabrielbiosfera.org\/","title":{"rendered":"Inicio"},"content":{"rendered":"<p>[et_pb_section fb_built=\u00bb1&#8243; fullwidth=\u00bbon\u00bb _builder_version=\u00bb4.27.4&#8243; _module_preset=\u00bbdefault\u00bb background_image=\u00bbhttps:\/\/participa.cabrielbiosfera.org\/wp-content\/uploads\/2025\/09\/Fondo-banner-web-scaled.webp\u00bb global_colors_info=\u00bb{}\u00bb][et_pb_fullwidth_header title=\u00bbPlan de Gesti\u00f3n de la Reserva de la Biosfera Valle del Cabriel\u00bb subhead=\u00bbEstamos dise\u00f1ando el Plan de Gesti\u00f3n de la Reserva de la Biosfera del Valle del Cabriel\u00bb header_fullscreen=\u00bbon\u00bb button_one_text=\u00bb\u00a1Queremos contar contigo!\u00bb header_image_url=\u00bbhttps:\/\/participa.cabrielbiosfera.org\/wp-content\/uploads\/2025\/09\/Simbolo.svg\u00bb _builder_version=\u00bb4.27.4&#8243; _module_preset=\u00bbdefault\u00bb title_font=\u00bb&#8211;et_global_heading_font|900|||||||\u00bb title_font_size=\u00bb54px\u00bb subhead_font=\u00bb&#8211;et_global_body_font|700|||||||\u00bb subhead_font_size=\u00bb28px\u00bb subhead_line_height=\u00bb1.2em\u00bb background_enable_color=\u00bboff\u00bb custom_button_one=\u00bbon\u00bb button_one_text_color=\u00bb#23B2A0&#8243; button_one_bg_color=\u00bb#FFFFFF\u00bb button_one_border_width=\u00bb0px\u00bb button_one_border_color=\u00bbRGBA(255,255,255,0)\u00bb button_one_font=\u00bb|700|||||||\u00bb child_filter_saturate=\u00bb0%\u00bb child_filter_brightness=\u00bb200%\u00bb child_filter_opacity=\u00bb40%\u00bb title_font_size_tablet=\u00bb41px\u00bb title_font_size_phone=\u00bb41px\u00bb title_font_size_last_edited=\u00bbon|phone\u00bb subhead_font_size_tablet=\u00bb20px\u00bb subhead_font_size_phone=\u00bb20px\u00bb subhead_font_size_last_edited=\u00bbon|phone\u00bb border_color_all_image=\u00bbRGBA(255,255,255,0)\u00bb global_colors_info=\u00bb{}\u00bb][\/et_pb_fullwidth_header][\/et_pb_section][et_pb_section fb_built=\u00bb1&#8243; _builder_version=\u00bb4.27.4&#8243; _module_preset=\u00bbdefault\u00bb global_colors_info=\u00bb{}\u00bb][et_pb_row column_structure=\u00bb1_3,2_3&#8243; _builder_version=\u00bb4.27.4&#8243; _module_preset=\u00bbdefault\u00bb global_colors_info=\u00bb{}\u00bb][et_pb_column type=\u00bb1_3&#8243; _builder_version=\u00bb4.27.4&#8243; _module_preset=\u00bbdefault\u00bb global_colors_info=\u00bb{}\u00bb][et_pb_image src=\u00bbhttps:\/\/participa.cabrielbiosfera.org\/wp-content\/uploads\/2025\/09\/Simbolo.svg\u00bb title_text=\u00bbSi\u0301mbolo\u00bb _builder_version=\u00bb4.27.4&#8243; _module_preset=\u00bbdefault\u00bb global_colors_info=\u00bb{}\u00bb][\/et_pb_image][\/et_pb_column][et_pb_column type=\u00bb2_3&#8243; _builder_version=\u00bb4.27.4&#8243; _module_preset=\u00bbdefault\u00bb global_colors_info=\u00bb{}\u00bb][et_pb_text _builder_version=\u00bb4.27.4&#8243; _module_preset=\u00bbdefault\u00bb text_font=\u00bb&#8211;et_global_body_font|700|||||||\u00bb global_colors_info=\u00bb{}\u00bb]<\/p>\n<p><span data-olk-copy-source=\"MessageBody\">Estamos dise\u00f1ando el Plan de Gesti\u00f3n de la Reserva de la Biosfera del Valle del Cabriel y \u00a1queremos contar contigo!<\/span><\/p>\n<p><span>Este Plan busca comportarse como una herramienta que asegure los principios b\u00e1sicos de la Reserva, conservar y desarrollar en equilibrio con los objetivos de este espacio protegido. <\/span><span>A lo largo de los pr\u00f3ximos meses celebraremos distintos talleres repartidos por los municipios del Valle del Cabriel.\u00a0<\/span><\/p>\n<p>[\/et_pb_text][\/et_pb_column][\/et_pb_row][\/et_pb_section][et_pb_section fb_built=\u00bb1&#8243; _builder_version=\u00bb4.27.4&#8243; _module_preset=\u00bbdefault\u00bb background_color=\u00bb#23B2A0&#8243; global_colors_info=\u00bb{}\u00bb][et_pb_row _builder_version=\u00bb4.27.4&#8243; _module_preset=\u00bbdefault\u00bb global_colors_info=\u00bb{}\u00bb][et_pb_column type=\u00bb4_4&#8243; _builder_version=\u00bb4.27.4&#8243; _module_preset=\u00bbdefault\u00bb global_colors_info=\u00bb{}\u00bb][et_pb_text _builder_version=\u00bb4.27.4&#8243; _module_preset=\u00bbdefault\u00bb text_font=\u00bb&#8211;et_global_heading_font|&#8211;et_global_heading_font_weight|||||||\u00bb text_text_color=\u00bb#FFFFFF\u00bb text_font_size=\u00bb32px\u00bb text_line_height=\u00bb1.6em\u00bb text_font_size_tablet=\u00bb28px\u00bb text_font_size_phone=\u00bb24px\u00bb text_font_size_last_edited=\u00bbon|phone\u00bb global_colors_info=\u00bb{}\u00bb]<\/p>\n<p><strong data-start=\"398\" data-end=\"487\">Gracias a todas vuestras voces, el Plan de Gesti\u00f3n ya es una realidad.<\/strong><\/p>\n<p>Presentaci\u00f3n online \u00b7 12 de marzo \u00b7 17:00 h<\/p>\n<p>[\/et_pb_text][et_pb_button button_url=\u00bbhttps:\/\/participa.cabrielbiosfera.org\/wp-content\/uploads\/2026\/02\/E_Plan-de-gestion_20260226_final.pdf\u00bb url_new_window=\u00bbon\u00bb button_text=\u00bbDescarga el Plan de Gesti\u00f3n\u00bb _builder_version=\u00bb4.27.4&#8243; _module_preset=\u00bbdefault\u00bb custom_button=\u00bbon\u00bb button_text_color=\u00bb#FFFFFF\u00bb hover_enabled=\u00bb0&#8243; global_colors_info=\u00bb{}\u00bb sticky_enabled=\u00bb0&#8243;][\/et_pb_button][et_pb_button button_url=\u00bbhttps:\/\/formulariotech.typeform.com\/to\/rn65ITaQ\u00bb url_new_window=\u00bbon\u00bb button_text=\u00bbAp\u00fantate a la presentaci\u00f3n\u00bb _builder_version=\u00bb4.27.4&#8243; _module_preset=\u00bbdefault\u00bb custom_button=\u00bbon\u00bb button_text_color=\u00bb#FFFFFF\u00bb global_colors_info=\u00bb{}\u00bb][\/et_pb_button][\/et_pb_column][\/et_pb_row][\/et_pb_section][et_pb_section fb_built=\u00bb1&#8243; module_id=\u00bbsesiones\u00bb _builder_version=\u00bb4.27.4&#8243; _module_preset=\u00bbdefault\u00bb global_colors_info=\u00bb{}\u00bb][et_pb_row _builder_version=\u00bb4.27.4&#8243; _module_preset=\u00bbdefault\u00bb global_colors_info=\u00bb{}\u00bb][et_pb_column type=\u00bb4_4&#8243; _builder_version=\u00bb4.27.4&#8243; _module_preset=\u00bbdefault\u00bb global_colors_info=\u00bb{}\u00bb][et_pb_heading title=\u00bbSesiones\u00bb _builder_version=\u00bb4.27.4&#8243; _module_preset=\u00bbdefault\u00bb title_level=\u00bbh2&#8243; title_text_color=\u00bb#23B2A0&#8243; global_colors_info=\u00bb{}\u00bb][\/et_pb_heading][\/et_pb_column][\/et_pb_row][et_pb_row column_structure=\u00bb1_4,3_4&#8243; _builder_version=\u00bb4.27.4&#8243; _module_preset=\u00bbdefault\u00bb global_colors_info=\u00bb{}\u00bb][et_pb_column type=\u00bb1_4&#8243; _builder_version=\u00bb4.27.4&#8243; _module_preset=\u00bbdefault\u00bb global_colors_info=\u00bb{}\u00bb][et_pb_video src=\u00bbhttps:\/\/participa.cabrielbiosfera.org\/wp-content\/uploads\/2025\/11\/Valle-del-Cabriel-Participacio_n.mp4&#8243; _builder_version=\u00bb4.27.4&#8243; _module_preset=\u00bbdefault\u00bb border_radii=\u00bbon|6px|6px|6px|6px\u00bb border_width_all=\u00bb4px\u00bb border_color_all=\u00bb#23B2A0&#8243; global_colors_info=\u00bb{}\u00bb][\/et_pb_video][\/et_pb_column][et_pb_column type=\u00bb3_4&#8243; _builder_version=\u00bb4.27.4&#8243; _module_preset=\u00bbdefault\u00bb global_colors_info=\u00bb{}\u00bb][et_pb_blog fullwidth=\u00bboff\u00bb show_author=\u00bboff\u00bb show_date=\u00bboff\u00bb show_pagination=\u00bboff\u00bb masonry_tile_background_color=\u00bbRGBA(255,255,255,0)\u00bb _builder_version=\u00bb4.27.4&#8243; _module_preset=\u00bbdefault\u00bb body_font=\u00bb|&#8211;et_global_heading_font_weight|||||||\u00bb body_text_color=\u00bb#000000&#8243; meta_text_color=\u00bb#23B2A0&#8243; border_radii=\u00bbon|8px|8px|8px|8px\u00bb border_width_all=\u00bb5px\u00bb border_color_all=\u00bb#23B2A0&#8243; box_shadow_style=\u00bbpreset2&#8243; global_colors_info=\u00bb{}\u00bb][\/et_pb_blog][\/et_pb_column][\/et_pb_row][\/et_pb_section][et_pb_section fb_built=\u00bb1&#8243; disabled_on=\u00bboff|off|off\u00bb module_id=\u00bbpropuestas\u00bb _builder_version=\u00bb4.27.4&#8243; _module_preset=\u00bbdefault\u00bb global_colors_info=\u00bb{}\u00bb][et_pb_row _builder_version=\u00bb4.27.4&#8243; _module_preset=\u00bbdefault\u00bb global_colors_info=\u00bb{}\u00bb][et_pb_column type=\u00bb4_4&#8243; _builder_version=\u00bb4.27.4&#8243; _module_preset=\u00bbdefault\u00bb global_colors_info=\u00bb{}\u00bb][et_pb_heading title=\u00bb\u00bfQuieres dar tu opini\u00f3n o tienes algo que aportar?\u00bb _builder_version=\u00bb4.27.4&#8243; _module_preset=\u00bbdefault\u00bb title_level=\u00bbh2&#8243; title_text_color=\u00bb#23B2A0&#8243; global_colors_info=\u00bb{}\u00bb][\/et_pb_heading][et_pb_button button_url=\u00bbhttps:\/\/formulariotech.typeform.com\/to\/cEwBJq3x\u00bb url_new_window=\u00bbon\u00bb button_text=\u00bbRellena este formulario y cu\u00e9ntanos\u00bb disabled_on=\u00bbon|on|on\u00bb _builder_version=\u00bb4.27.4&#8243; _module_preset=\u00bbdefault\u00bb custom_button=\u00bbon\u00bb button_text_color=\u00bb#FFFFFF\u00bb button_bg_color=\u00bb#23B2A0&#8243; button_font=\u00bb|600|||||||\u00bb disabled=\u00bbon\u00bb global_colors_info=\u00bb{}\u00bb][\/et_pb_button][et_pb_code _builder_version=\u00bb4.27.4&#8243; _module_preset=\u00bbdefault\u00bb global_colors_info=\u00bb{}\u00bb]<\/p>\n<div data-tf-live=\"01K6Z692HR28T2Z4G9X63K6228\"><\/div>\n<p><script src=\"\/\/embed.typeform.com\/next\/embed.js\"><\/script>[\/et_pb_code][\/et_pb_column][\/et_pb_row][\/et_pb_section][et_pb_section fb_built=\u00bb1&#8243; disabled_on=\u00bboff|off|off\u00bb module_id=\u00bbpropuestas\u00bb _builder_version=\u00bb4.27.4&#8243; _module_preset=\u00bbdefault\u00bb global_colors_info=\u00bb{}\u00bb][et_pb_row _builder_version=\u00bb4.27.4&#8243; _module_preset=\u00bbdefault\u00bb global_colors_info=\u00bb{}\u00bb][et_pb_column type=\u00bb4_4&#8243; _builder_version=\u00bb4.27.4&#8243; _module_preset=\u00bbdefault\u00bb global_colors_info=\u00bb{}\u00bb][et_pb_heading title=\u00bbDocumentaci\u00f3n\u00bb _builder_version=\u00bb4.27.4&#8243; _module_preset=\u00bbdefault\u00bb title_level=\u00bbh2&#8243; title_text_color=\u00bb#23B2A0&#8243; global_colors_info=\u00bb{}\u00bb][\/et_pb_heading][\/et_pb_column][\/et_pb_row][et_pb_row column_structure=\u00bb1_3,1_3,1_3&#8243; _builder_version=\u00bb4.27.4&#8243; _module_preset=\u00bbdefault\u00bb global_colors_info=\u00bb{}\u00bb][et_pb_column type=\u00bb1_3&#8243; _builder_version=\u00bb4.27.4&#8243; _module_preset=\u00bbdefault\u00bb global_colors_info=\u00bb{}\u00bb][et_pb_blurb title=\u00bbResumen diagn\u00f3stico\u00bb url=\u00bbhttps:\/\/participa.cabrielbiosfera.org\/wp-content\/uploads\/2025\/12\/Resumen-diagnostico.pdf\u00bb url_new_window=\u00bbon\u00bb use_icon=\u00bbon\u00bb font_icon=\u00bb&#xe059;||divi||400&#8243; icon_color=\u00bb#23B2A0&#8243; icon_alignment=\u00bbleft\u00bb _builder_version=\u00bb4.27.4&#8243; _module_preset=\u00bbdefault\u00bb custom_padding=\u00bb16px|16px|16px|16px|true|true\u00bb link_option_url=\u00bbhttps:\/\/participa.cabrielbiosfera.org\/wp-content\/uploads\/2025\/12\/Resumen-diagnostico.pdf\u00bb link_option_url_new_window=\u00bbon\u00bb border_radii=\u00bbon|8px|8px|8px|8px\u00bb border_width_all=\u00bb5px\u00bb border_color_all=\u00bb#23B2A0&#8243; box_shadow_style=\u00bbpreset2&#8243; global_colors_info=\u00bb{}\u00bb][\/et_pb_blurb][et_pb_blurb title=\u00bbInforme sesi\u00f3n t\u00e9cnica en Villar del Humo\u00bb url=\u00bbhttps:\/\/participa.cabrielbiosfera.org\/wp-content\/uploads\/2025\/12\/Informe-Villar-del-Humo_web.pdf\u00bb url_new_window=\u00bbon\u00bb use_icon=\u00bbon\u00bb font_icon=\u00bb&#xe059;||divi||400&#8243; icon_color=\u00bb#23B2A0&#8243; icon_alignment=\u00bbleft\u00bb _builder_version=\u00bb4.27.4&#8243; _module_preset=\u00bbdefault\u00bb custom_padding=\u00bb16px|16px|16px|16px|true|true\u00bb link_option_url=\u00bbhttps:\/\/participa.cabrielbiosfera.org\/wp-content\/uploads\/2025\/12\/Informe-Villar-del-Humo_web.pdf\u00bb link_option_url_new_window=\u00bbon\u00bb border_radii=\u00bbon|8px|8px|8px|8px\u00bb border_width_all=\u00bb5px\u00bb border_color_all=\u00bb#23B2A0&#8243; box_shadow_style=\u00bbpreset2&#8243; global_colors_info=\u00bb{}\u00bb][\/et_pb_blurb][\/et_pb_column][et_pb_column type=\u00bb1_3&#8243; _builder_version=\u00bb4.27.4&#8243; _module_preset=\u00bbdefault\u00bb global_colors_info=\u00bb{}\u00bb][et_pb_blurb title=\u00bbInforme sesi\u00f3n t\u00e9cnica en Albarrac\u00edn\u00bb url=\u00bbhttps:\/\/participa.cabrielbiosfera.org\/wp-content\/uploads\/2025\/12\/Informe-Albarracin-web.pdf\u00bb url_new_window=\u00bbon\u00bb use_icon=\u00bbon\u00bb font_icon=\u00bb&#xe059;||divi||400&#8243; icon_color=\u00bb#23B2A0&#8243; icon_alignment=\u00bbleft\u00bb _builder_version=\u00bb4.27.4&#8243; _module_preset=\u00bbdefault\u00bb custom_padding=\u00bb16px|16px|16px|16px|true|true\u00bb link_option_url=\u00bbhttps:\/\/participa.cabrielbiosfera.org\/wp-content\/uploads\/2025\/12\/Informe-Albarracin-web.pdf\u00bb link_option_url_new_window=\u00bbon\u00bb border_radii=\u00bbon|8px|8px|8px|8px\u00bb border_width_all=\u00bb5px\u00bb border_color_all=\u00bb#23B2A0&#8243; box_shadow_style=\u00bbpreset2&#8243; global_colors_info=\u00bb{}\u00bb][\/et_pb_blurb][et_pb_blurb title=\u00bbInforme sesi\u00f3n t\u00e9cnica en Fuentealbilla\u00bb url=\u00bbhttps:\/\/participa.cabrielbiosfera.org\/wp-content\/uploads\/2026\/02\/2026.01.27_Informe_Participacion_Fuentealbilla.pdf\u00bb url_new_window=\u00bbon\u00bb use_icon=\u00bbon\u00bb font_icon=\u00bb&#xe059;||divi||400&#8243; icon_color=\u00bb#23B2A0&#8243; icon_alignment=\u00bbleft\u00bb _builder_version=\u00bb4.27.4&#8243; _module_preset=\u00bbdefault\u00bb custom_padding=\u00bb16px|16px|16px|16px|true|true\u00bb link_option_url=\u00bbhttps:\/\/participa.cabrielbiosfera.org\/wp-content\/uploads\/2026\/02\/2026.01.27_Informe_Participacion_Fuentealbilla.pdf\u00bb link_option_url_new_window=\u00bbon\u00bb border_radii=\u00bbon|8px|8px|8px|8px\u00bb border_width_all=\u00bb5px\u00bb border_color_all=\u00bb#23B2A0&#8243; box_shadow_style=\u00bbpreset2&#8243; global_colors_info=\u00bb{}\u00bb][\/et_pb_blurb][\/et_pb_column][et_pb_column type=\u00bb1_3&#8243; _builder_version=\u00bb4.27.4&#8243; _module_preset=\u00bbdefault\u00bb global_colors_info=\u00bb{}\u00bb][et_pb_blurb title=\u00bbInforme sesi\u00f3n t\u00e9cnica en Requena\u00bb url=\u00bbhttps:\/\/participa.cabrielbiosfera.org\/wp-content\/uploads\/2026\/01\/Informe-Requena.pdf\u00bb url_new_window=\u00bbon\u00bb use_icon=\u00bbon\u00bb font_icon=\u00bb&#xe059;||divi||400&#8243; icon_color=\u00bb#23B2A0&#8243; icon_alignment=\u00bbleft\u00bb _builder_version=\u00bb4.27.4&#8243; _module_preset=\u00bbdefault\u00bb custom_padding=\u00bb16px|16px|16px|16px|true|true\u00bb link_option_url=\u00bbhttps:\/\/participa.cabrielbiosfera.org\/wp-content\/uploads\/2026\/01\/Informe-Requena.pdf\u00bb link_option_url_new_window=\u00bbon\u00bb border_radii=\u00bbon|8px|8px|8px|8px\u00bb border_width_all=\u00bb5px\u00bb border_color_all=\u00bb#23B2A0&#8243; box_shadow_style=\u00bbpreset2&#8243; global_colors_info=\u00bb{}\u00bb][\/et_pb_blurb][et_pb_blurb title=\u00bbPlan de gesti\u00f3n participativo\u00bb url=\u00bbhttps:\/\/participa.cabrielbiosfera.org\/wp-content\/uploads\/2026\/02\/E_Plan-de-gestion_20260226_final.pdf\u00bb url_new_window=\u00bbon\u00bb use_icon=\u00bbon\u00bb font_icon=\u00bb&#xe059;||divi||400&#8243; icon_color=\u00bb#23B2A0&#8243; icon_alignment=\u00bbleft\u00bb _builder_version=\u00bb4.27.4&#8243; _module_preset=\u00bbdefault\u00bb custom_padding=\u00bb16px|16px|16px|16px|true|true\u00bb link_option_url=\u00bbhttps:\/\/participa.cabrielbiosfera.org\/wp-content\/uploads\/2026\/02\/E_Plan-de-gestion_20260226_final.pdf\u00bb link_option_url_new_window=\u00bbon\u00bb border_radii=\u00bbon|8px|8px|8px|8px\u00bb border_width_all=\u00bb5px\u00bb border_color_all=\u00bb#23B2A0&#8243; box_shadow_style=\u00bbpreset2&#8243; global_colors_info=\u00bb{}\u00bb][\/et_pb_blurb][\/et_pb_column][\/et_pb_row][\/et_pb_section]<\/p>\n","protected":false},"excerpt":{"rendered":"<p>Estamos dise\u00f1ando el Plan de Gesti\u00f3n de la Reserva de la Biosfera del Valle del Cabriel y \u00a1queremos contar contigo! Este Plan busca comportarse como una herramienta que asegure los principios b\u00e1sicos de la Reserva, conservar y desarrollar en equilibrio con los objetivos de este espacio protegido. A lo largo de los pr\u00f3ximos meses celebraremos [&hellip;]<\/p>\n","protected":false},"author":1,"featured_media":0,"parent":0,"menu_order":0,"comment_status":"closed","ping_status":"closed","template":"","meta":{"_acf_changed":false,"_et_pb_use_builder":"on","_et_pb_old_content":"<!-- wp:divi\/placeholder \/-->","_et_gb_content_width":"","inline_featured_image":false,"footnotes":""},"class_list":["post-11","page","type-page","status-publish","hentry"],"acf":[],"_links":{"self":[{"href":"https:\/\/participa.cabrielbiosfera.org\/index.php\/wp-json\/wp\/v2\/pages\/11","targetHints":{"allow":["GET"]}}],"collection":[{"href":"https:\/\/participa.cabrielbiosfera.org\/index.php\/wp-json\/wp\/v2\/pages"}],"about":[{"href":"https:\/\/participa.cabrielbiosfera.org\/index.php\/wp-json\/wp\/v2\/types\/page"}],"author":[{"embeddable":true,"href":"https:\/\/participa.cabrielbiosfera.org\/index.php\/wp-json\/wp\/v2\/users\/1"}],"replies":[{"embeddable":true,"href":"https:\/\/participa.cabrielbiosfera.org\/index.php\/wp-json\/wp\/v2\/comments?post=11"}],"version-history":[{"count":29,"href":"https:\/\/participa.cabrielbiosfera.org\/index.php\/wp-json\/wp\/v2\/pages\/11\/revisions"}],"predecessor-version":[{"id":315,"href":"https:\/\/participa.cabrielbiosfera.org\/index.php\/wp-json\/wp\/v2\/pages\/11\/revisions\/315"}],"wp:attachment":[{"href":"https:\/\/participa.cabrielbiosfera.org\/index.php\/wp-json\/wp\/v2\/media?parent=11"}],"curies":[{"name":"wp","href":"https:\/\/api.w.org\/{rel}","templated":true}]}}